{"id":1261,"date":"2025-04-30T19:53:14","date_gmt":"2025-04-30T19:53:14","guid":{"rendered":"https:\/\/ihschile.com\/?page_id=1261"},"modified":"2025-04-30T19:59:32","modified_gmt":"2025-04-30T19:59:32","slug":"historia-y-mision","status":"publish","type":"page","link":"https:\/\/ihschile.com\/?page_id=1261","title":{"rendered":"Historia y Misi\u00f3n"},"content":{"rendered":"\n<div class=\"wp-block-uagb-container uagb-block-mjyqtykr alignfull uagb-is-root-container\"><div class=\"uagb-container-inner-blocks-wrap\">\n<div class=\"wp-block-uagb-info-box uagb-block-bkmf23xj uagb-infobox__content-wrap  uagb-infobox-icon-above-title uagb-infobox-image-valign-top\"><div class=\"uagb-ifb-content\"><div class=\"uagb-ifb-title-wrap\"><h1 class=\"uagb-ifb-title\">Conoce nuestra Historia y Misi\u00f3n\u00a0<\/h1><\/div><\/div><\/div>\n\n\n\n<div class=\"wp-block-uagb-info-box uagb-block-pv6eplfn uagb-infobox__content-wrap  uagb-infobox-icon-above-title uagb-infobox-image-valign-top\"><div class=\"uagb-ifb-content\"><div class=\"uagb-ifb-title-wrap\"><\/div><p class=\"uagb-ifb-desc\">En IHS Chile, hemos recorrido un camino marcado por la dedicaci\u00f3n, la innovaci\u00f3n y el compromiso con un prop\u00f3sito claro: dignificar y profesionalizar el rubro de la administraci\u00f3n de copropiedades en Chile.<\/p><\/div><\/div>\n<\/div><\/div>\n\n\n\n<div class=\"wp-block-uagb-container uagb-block-ju0suvyq alignfull uagb-is-root-container\"><div class=\"uagb-container-inner-blocks-wrap\">\n<div class=\"wp-block-uagb-image alignleft uagb-block-iwicqlev wp-block-uagb-image--layout-default wp-block-uagb-image--effect-static wp-block-uagb-image--align-left\"><figure class=\"wp-block-uagb-image__figure\"><img decoding=\"async\" srcset=\"https:\/\/ihschile.com\/wp-content\/uploads\/2025\/04\/g14469bbff311f705220a76742a5c0f450ad347224d64f9dac8371d3265c1f72d748e9ce5581134e2d913bd23a56795421c1a4f70c45bb554816f78eac72830a5_1280-7518551-693x1024.jpg ,https:\/\/ihschile.com\/wp-content\/uploads\/2025\/04\/g14469bbff311f705220a76742a5c0f450ad347224d64f9dac8371d3265c1f72d748e9ce5581134e2d913bd23a56795421c1a4f70c45bb554816f78eac72830a5_1280-7518551.jpg 780w, https:\/\/ihschile.com\/wp-content\/uploads\/2025\/04\/g14469bbff311f705220a76742a5c0f450ad347224d64f9dac8371d3265c1f72d748e9ce5581134e2d913bd23a56795421c1a4f70c45bb554816f78eac72830a5_1280-7518551.jpg 360w\" sizes=\"auto, (max-width: 480px) 150px\" src=\"https:\/\/ihschile.com\/wp-content\/uploads\/2025\/04\/g14469bbff311f705220a76742a5c0f450ad347224d64f9dac8371d3265c1f72d748e9ce5581134e2d913bd23a56795421c1a4f70c45bb554816f78eac72830a5_1280-7518551-693x1024.jpg\" alt=\"crane houses, architecture, cologne, modern, building, stained glass window, modern architecture, house, rhine river, rheinauhafen, germany, skyscrapers, office building, steel framework construction, spectacular, spectacular building shape, architecture, house, house, house, house, house, office building\" class=\"uag-image-1264\" width=\"1200\" height=\"350\" title=\"g14469bbff311f705220a76742a5c0f450ad347224d64f9dac8371d3265c1f72d748e9ce5581134e2d913bd23a56795421c1a4f70c45bb554816f78eac72830a5_1280-7518551\" loading=\"lazy\" role=\"img\"\/><\/figure><\/div>\n\n\n\n<div class=\"wp-block-uagb-container uagb-block-dr8wjyco\">\n<div class=\"wp-block-uagb-info-box uagb-block-55zbklpf uagb-infobox__content-wrap  uagb-infobox-icon-above-title uagb-infobox-image-valign-top\"><div class=\"uagb-ifb-content\"><div class=\"uagb-ifb-title-wrap\"><h2 class=\"uagb-ifb-title\">IHS Chile Re Define la Administraci\u00f3n\u00a0de Copropiedades<\/h2><\/div><\/div><\/div>\n\n\n\n<div class=\"wp-block-uagb-info-box uagb-block-lo92qglb uagb-infobox__content-wrap  uagb-infobox-icon-above-title uagb-infobox-image-valign-top\"><div class=\"uagb-ifb-content\"><div class=\"uagb-ifb-title-wrap\"><\/div><p class=\"uagb-ifb-desc\">Somos conscientes del estigma que, por a\u00f1os, ha acompa\u00f1ado a nuestra industria, muchas veces se\u00f1alada por falta de transparencia, informalidad y deficiencias en la gesti\u00f3n. Sin embargo, en IHS Chile decidimos tomar este desaf\u00edo como una oportunidad para marcar la diferencia. Desde nuestros inicios, nos hemos enfocado en construir una reputaci\u00f3n basada en la excelencia operativa, el respeto por las comunidades que confiaron en nosotros y la entrega de soluciones profesionales que superan las expectativas.<br><br>Nuestro enfoque se ha distinguido por integrar procesos eficientes, una atenci\u00f3n cercana y personalizada, y el uso de herramientas tecnol\u00f3gicas que optimizan cada aspecto de nuestra labor. A trav\u00e9s de capacitaciones constantes y un equipo humano altamente calificado, hemos elevado los est\u00e1ndares del servicio en un rubro que desempe\u00f1a un rol cr\u00edtico en la calidad de vida de miles de familias chilenas.<br><br>Nuestra misi\u00f3n es clara: transformar la administraci\u00f3n de copropiedades en un eje de confianza y profesionalismo, donde la transparencia, la eficiencia y la comunicaci\u00f3n efectiva sean los pilares de cada una de nuestras acciones. Buscamos no solo gestionar comunidades, sino tambi\u00e9n fomentar la convivencia arm\u00f3nica y la valorizaci\u00f3n del entorno, asegurando que cada decisi\u00f3n que tomamos refleje el respeto por las personas y el patrimonio que nos han confiado.<br><br>En IHS Chile, creemos que cada comunidad tiene una historia \u00fanica, y nuestro compromiso es ser el socio estrat\u00e9gico que las ayude a escribir cap\u00edtulos marcados por el orden, la tranquilidad y el bienestar. Seguiremos avanzando con la convicci\u00f3n de que, al profesionalizar nuestro rubro, no solo cambiamos percepciones, sino tambi\u00e9n la vida de quienes forman parte de las comunidades que administramos.<\/p><\/div><\/div>\n<\/div>\n<\/div><\/div>\n\n\n\n<p><\/p>\n","protected":false},"excerpt":{"rendered":"","protected":false},"author":6,"featured_media":0,"parent":0,"menu_order":0,"comment_status":"closed","ping_status":"closed","template":"","meta":{"_uag_custom_page_level_css":"","site-sidebar-layout":"default","site-content-layout":"","ast-site-content-layout":"default","site-content-style":"default","site-sidebar-style":"default","ast-global-header-display":"","ast-banner-title-visibility":"","ast-main-header-display":"","ast-hfb-above-header-display":"","ast-hfb-below-header-display":"","ast-hfb-mobile-header-display":"","site-post-title":"disabled","ast-breadcrumbs-content":"","ast-featured-img":"","footer-sml-layout":"","ast-disable-related-posts":"","theme-transparent-header-meta":"","adv-header-id-meta":"","stick-header-meta":"","header-above-stick-meta":"","header-main-stick-meta":"","header-below-stick-meta":"","astra-migrate-meta-layouts":"set","ast-page-background-enabled":"default","ast-page-background-meta":{"desktop":{"background-color":"var(--ast-global-color-4)","background-image":"","background-repeat":"repeat","background-position":"center center","background-size":"auto","background-attachment":"scroll","background-type":"","background-media":"","overlay-type":"","overlay-color":"","overlay-opacity":"","overlay-gradient":""},"tablet":{"background-color":"","background-image":"","background-repeat":"repeat","background-position":"center center","background-size":"auto","background-attachment":"scroll","background-type":"","background-media":"","overlay-type":"","overlay-color":"","overlay-opacity":"","overlay-gradient":""},"mobile":{"background-color":"","background-image":"","background-repeat":"repeat","background-position":"center center","background-size":"auto","background-attachment":"scroll","background-type":"","background-media":"","overlay-type":"","overlay-color":"","overlay-opacity":"","overlay-gradient":""}},"ast-content-background-meta":{"desktop":{"background-color":"var(--ast-global-color-5)","background-image":"","background-repeat":"repeat","background-position":"center center","background-size":"auto","background-attachment":"scroll","background-type":"","background-media":"","overlay-type":"","overlay-color":"","overlay-opacity":"","overlay-gradient":""},"tablet":{"background-color":"var(--ast-global-color-5)","background-image":"","background-repeat":"repeat","background-position":"center center","background-size":"auto","background-attachment":"scroll","background-type":"","background-media":"","overlay-type":"","overlay-color":"","overlay-opacity":"","overlay-gradient":""},"mobile":{"background-color":"var(--ast-global-color-5)","background-image":"","background-repeat":"repeat","background-position":"center center","background-size":"auto","background-attachment":"scroll","background-type":"","background-media":"","overlay-type":"","overlay-color":"","overlay-opacity":"","overlay-gradient":""}},"footnotes":""},"class_list":["post-1261","page","type-page","status-publish","hentry"],"uagb_featured_image_src":{"full":false,"thumbnail":false,"medium":false,"medium_large":false,"large":false,"1536x1536":false,"2048x2048":false},"uagb_author_info":{"display_name":"mgydungerrhp","author_link":"https:\/\/ihschile.com\/?author=6"},"uagb_comment_info":0,"uagb_excerpt":null,"_links":{"self":[{"href":"https:\/\/ihschile.com\/index.php?rest_route=\/wp\/v2\/pages\/1261","targetHints":{"allow":["GET"]}}],"collection":[{"href":"https:\/\/ihschile.com\/index.php?rest_route=\/wp\/v2\/pages"}],"about":[{"href":"https:\/\/ihschile.com\/index.php?rest_route=\/wp\/v2\/types\/page"}],"author":[{"embeddable":true,"href":"https:\/\/ihschile.com\/index.php?rest_route=\/wp\/v2\/users\/6"}],"replies":[{"embeddable":true,"href":"https:\/\/ihschile.com\/index.php?rest_route=%2Fwp%2Fv2%2Fcomments&post=1261"}],"version-history":[{"count":1,"href":"https:\/\/ihschile.com\/index.php?rest_route=\/wp\/v2\/pages\/1261\/revisions"}],"predecessor-version":[{"id":1265,"href":"https:\/\/ihschile.com\/index.php?rest_route=\/wp\/v2\/pages\/1261\/revisions\/1265"}],"wp:attachment":[{"href":"https:\/\/ihschile.com\/index.php?rest_route=%2Fwp%2Fv2%2Fmedia&parent=1261"}],"curies":[{"name":"wp","href":"https:\/\/api.w.org\/{rel}","templated":true}]}}