{"id":44,"date":"2025-03-04T23:14:34","date_gmt":"2025-03-04T23:14:34","guid":{"rendered":"https:\/\/ihschile.com\/?page_id=44"},"modified":"2025-03-26T20:11:31","modified_gmt":"2025-03-26T20:11:31","slug":"about","status":"publish","type":"page","link":"https:\/\/ihschile.com\/?page_id=44","title":{"rendered":"About"},"content":{"rendered":"\n<div class=\"wp-block-uagb-container uagb-block-c61f8af5 alignfull uagb-is-root-container\"><div class=\"uagb-container-inner-blocks-wrap\">\n<div class=\"wp-block-uagb-advanced-heading uagb-block-a9f61422\"><h1 class=\"uagb-heading-text\">Con\u00f3cenos Mejor<\/h1><\/div>\n<\/div><\/div>\n\n\n\n<div class=\"wp-block-uagb-container uagb-block-828d2bae alignfull uagb-is-root-container\"><div class=\"uagb-container-inner-blocks-wrap\">\n<div class=\"wp-block-uagb-advanced-heading uagb-block-f024830a\"><h2 class=\"uagb-heading-text\">Con a\u00f1os de experiencia en el rubro, IHS Chile cuenta con un equipo de profesionales capacitados en diversas \u00e1reas de la administraci\u00f3n. La calidad en el servicio es nuestra prioridad.<\/h2><\/div>\n\n\n\n<div class=\"wp-block-uagb-container uagb-block-bf9fc09d\">\n<div class=\"wp-block-uagb-container uagb-block-123b638b\">\n<div class=\"wp-block-uagb-image alignleft uagb-block-5cf4d5d4 wp-block-uagb-image--layout-default wp-block-uagb-image--effect-static wp-block-uagb-image--align-left\"><figure class=\"wp-block-uagb-image__figure\"><img decoding=\"async\" srcset=\"https:\/\/ihschile.com\/wp-content\/uploads\/2025\/03\/blue-and-white-glass-building-under-blue-sky-during-daytime-d5l-ka0rbeo-1024x768.jpeg ,https:\/\/ihschile.com\/wp-content\/uploads\/2025\/03\/blue-and-white-glass-building-under-blue-sky-during-daytime-d5l-ka0rbeo.jpeg 780w, https:\/\/ihschile.com\/wp-content\/uploads\/2025\/03\/blue-and-white-glass-building-under-blue-sky-during-daytime-d5l-ka0rbeo.jpeg 360w\" sizes=\"auto, (max-width: 480px) 150px\" src=\"https:\/\/ihschile.com\/wp-content\/uploads\/2025\/03\/blue-and-white-glass-building-under-blue-sky-during-daytime-d5l-ka0rbeo-1024x768.jpeg\" alt=\"The Cube in Berlin is reflecting the sky in various ways - hard to say what is reality or just a picture of it. Thanks to Annelie from team ETA+.\" class=\"uag-image-1194\" width=\"556\" height=\"400\" title=\"blue-and-white-glass-building-under-blue-sky-during-daytime-d5l-ka0rbeo\" loading=\"lazy\" role=\"img\"\/><\/figure><\/div>\n\n\n\n<div class=\"wp-block-uagb-image alignleft uagb-block-acc492cb wp-block-uagb-image--layout-default wp-block-uagb-image--effect-static wp-block-uagb-image--align-left\"><figure class=\"wp-block-uagb-image__figure\"><img decoding=\"async\" srcset=\"https:\/\/ihschile.com\/wp-content\/uploads\/2025\/03\/a-tall-white-building-with-balconies-and-windows-xjibn3aqcq4-683x1024.jpeg ,https:\/\/ihschile.com\/wp-content\/uploads\/2025\/03\/a-tall-white-building-with-balconies-and-windows-xjibn3aqcq4.jpeg 780w, https:\/\/ihschile.com\/wp-content\/uploads\/2025\/03\/a-tall-white-building-with-balconies-and-windows-xjibn3aqcq4.jpeg 360w\" sizes=\"auto, (max-width: 480px) 150px\" src=\"https:\/\/ihschile.com\/wp-content\/uploads\/2025\/03\/a-tall-white-building-with-balconies-and-windows-xjibn3aqcq4-683x1024.jpeg\" alt=\"Skyscraper apartment building in Panama City, Panama. www.karolchomka.com\" class=\"uag-image-1198\" width=\"556\" height=\"400\" title=\"a-tall-white-building-with-balconies-and-windows-xjibn3aqcq4\" loading=\"lazy\" role=\"img\"\/><\/figure><\/div>\n\n\n\n<div class=\"wp-block-uagb-image alignleft uagb-block-715e1b73 wp-block-uagb-image--layout-default wp-block-uagb-image--effect-static wp-block-uagb-image--align-left\"><figure class=\"wp-block-uagb-image__figure\"><img decoding=\"async\" srcset=\"https:\/\/ihschile.com\/wp-content\/uploads\/2025\/03\/windowpanes-at-the-building-b0acvavsx8e-1024x686.jpeg ,https:\/\/ihschile.com\/wp-content\/uploads\/2025\/03\/windowpanes-at-the-building-b0acvavsx8e.jpeg 780w, https:\/\/ihschile.com\/wp-content\/uploads\/2025\/03\/windowpanes-at-the-building-b0acvavsx8e.jpeg 360w\" sizes=\"auto, (max-width: 480px) 150px\" src=\"https:\/\/ihschile.com\/wp-content\/uploads\/2025\/03\/windowpanes-at-the-building-b0acvavsx8e-1024x686.jpeg\" alt=\"windowpanes-at-the-building-b0acvavsx8e\" class=\"uag-image-1193\" width=\"556\" height=\"400\" title=\"windowpanes-at-the-building-b0acvavsx8e\" loading=\"lazy\" role=\"img\"\/><\/figure><\/div>\n<\/div>\n\n\n\n<div class=\"wp-block-uagb-container uagb-block-d65ea7f2\">\n<div class=\"wp-block-uagb-advanced-heading uagb-block-c7f4308f\"><p class=\"uagb-heading-text\">IHS Chile naci\u00f3 en el a\u00f1o 2013, fundada por el se\u00f1or Pablo Morales, un profesional con s\u00f3lidos conocimientos en desarrollo inmobiliario. <\/p><p class=\"uagb-desc-text\">Al observar las deficiencias que marcaban el \u00e1mbito de la administraci\u00f3n de copropiedades, Pablo identific\u00f3 una oportunidad para redefinir y profesionalizar este rubro. Aprovechando su experiencia en inmobiliarias de prestigio y su profundo entendimiento del proceso de postventa en edificios entregados a clientes, logr\u00f3 transformar la administraci\u00f3n en una herramienta clave para optimizar la operatividad y el funcionamiento de las comunidades.<br><br>Con el tiempo, IHS Chile se fue consolidando y ganando la confianza de sus clientes, convirtiendo esta confianza en el pilar fundamental de su labor. La retroalimentaci\u00f3n constante de quienes reciben el servicio ha sido esencial para el desarrollo y evoluci\u00f3n de la administraci\u00f3n de copropiedades. Este valioso intercambio ha permitido ajustar y mejorar procesos relacionados con la convivencia, la resoluci\u00f3n de vicios constructivos y el fortalecimiento del trabajo colaborativo con las consejer\u00edas de cada condominio.<br><br>El profesionalismo de IHS Chile se ha hecho evidente en momentos cruciales, como cuando ocurren siniestros, situaciones delicadas que afectan a terceros o residentes del condominio, o circunstancias que requieren la activaci\u00f3n de p\u00f3lizas de seguros. Aunque estos procedimientos no siempre son visibles al ojo com\u00fan, el correcto manejo de estas situaciones conflictivas ha generado tranquilidad y confianza en quienes habitan las copropiedades administradas por la empresa.<br><br>La relaci\u00f3n de confianza tambi\u00e9n se ha extendido a distintos proveedores, quienes son actores primordiales en el correcto funcionamiento de los edificios. Este v\u00ednculo ha sido forjado con transparencia, profesionalismo y una visi\u00f3n compartida de excelencia en el servicio.&nbsp;<br><br>Adem\u00e1s, IHS Chile ha destacado por su alto nivel de profesionalismo en las exposiciones realizadas durante las Asambleas Comunitarias. Estas reuniones no solo son un espacio para transparentar la gesti\u00f3n administrativa, sino tambi\u00e9n una oportunidad para generar cercan\u00eda y confianza con los residentes de cada comunidad.<br><br>Desde su fundaci\u00f3n, IHS Chile ha demostrado que, con dedicaci\u00f3n, conocimiento y compromiso, es posible transformar un rubro hist\u00f3ricamente marcado por desaciertos en un servicio confiable y profesional.<\/p><\/div>\n<\/div>\n<\/div>\n<\/div><\/div>\n\n\n\n<div class=\"wp-block-uagb-container uagb-block-79cf241d alignfull uagb-is-root-container\"><div class=\"uagb-container-inner-blocks-wrap\">\n<div class=\"wp-block-uagb-advanced-heading uagb-block-5ad12d8d\"><h3 class=\"uagb-heading-text\">Mejora la convivencia en tu comunidad hoy mismo.<\/h3><\/div>\n\n\n\n<div class=\"wp-block-uagb-buttons uagb-buttons__outer-wrap uagb-btn__default-btn uagb-btn-tablet__default-btn uagb-btn-mobile__default-btn uagb-block-d0d5ca1d\"><div class=\"uagb-buttons__wrap uagb-buttons-layout-wrap \">\n<div class=\"wp-block-uagb-buttons-child uagb-buttons__outer-wrap uagb-block-9f80772e wp-block-button\"><div class=\"uagb-button__wrapper\"><a class=\"uagb-buttons-repeater wp-block-button__link\" aria-label=\"\" href=\"contact\/\" rel=\"follow noopener\" target=\"_self\" role=\"button\"><div class=\"uagb-button__link\">Cont\u00e1ctanos Hoy<\/div><\/a><\/div><\/div>\n<\/div><\/div>\n<\/div><\/div>\n\n\n\n<div class=\"wp-block-uagb-container uagb-block-610697dd alignfull uagb-is-root-container\"><div class=\"uagb-container-inner-blocks-wrap\">\n<div class=\"wp-block-uagb-container uagb-block-69f37cc4\">\n<div class=\"wp-block-uagb-advanced-heading uagb-block-d05c151e\"><h2 class=\"uagb-heading-text\">Valores Fundamentales<\/h2><p class=\"uagb-desc-text\">Nuestros valores son la base de nuestro compromiso con cada comunidad que servimos.<\/p><\/div>\n<\/div>\n\n\n\n<div class=\"wp-block-uagb-container uagb-block-ba2de339\">\n<div class=\"wp-block-uagb-container uagb-block-bc30d310\">\n<div class=\"wp-block-uagb-advanced-heading uagb-block-55582f47\"><h3 class=\"uagb-heading-text\">Transparencia<\/h3><p class=\"uagb-desc-text\">Creemos en una gesti\u00f3n abierta y honesta con nuestros clientes. La transparencia genera confianza y colaboraci\u00f3n en las comunidades.<\/p><div class=\"uagb-separator\"><\/div><\/div>\n<\/div>\n\n\n\n<div class=\"wp-block-uagb-container uagb-block-f6ed2cec\">\n<div class=\"wp-block-uagb-advanced-heading uagb-block-84914ac1\"><h3 class=\"uagb-heading-text\">Compromiso<\/h3><p class=\"uagb-desc-text\">Nos dedicamos a brindar un servicio de alta calidad, asegurando que cada detalle sea atendido con la m\u00e1xima responsabilidad y atenci\u00f3n.<\/p><div class=\"uagb-separator\"><\/div><\/div>\n<\/div>\n\n\n\n<div class=\"wp-block-uagb-container uagb-block-513ad3e0\">\n<div class=\"wp-block-uagb-advanced-heading uagb-block-90ff965c\"><h3 class=\"uagb-heading-text\">Sustentabilidad<\/h3><p class=\"uagb-desc-text\">Implementamos soluciones que optimizan recursos y cuidan el medio ambiente. La sustentabilidad es esencial para el futuro de nuestras comunidades.<\/p><\/div>\n<\/div>\n<\/div>\n<\/div><\/div>\n\n\n\n<div class=\"wp-block-uagb-container uagb-block-b5f2dd4a alignfull uagb-is-root-container\"><div class=\"uagb-container-inner-blocks-wrap\">\n<div class=\"wp-block-uagb-container uagb-block-50082671\">\n<div class=\"wp-block-uagb-info-box uagb-block-8768d98f uagb-infobox__content-wrap  uagb-infobox-icon-above-title uagb-infobox-image-valign-top wp-block-uagb-info-box--has-margin\"><div class=\"uagb-infobox-margin-wrapper\"><div class=\"uagb-ifb-content\"><div class=\"uagb-ifb-title-wrap\"><h2 class=\"uagb-ifb-title\">\u00danete a Nuestra Comunidad<\/h2><\/div><p class=\"uagb-ifb-desc\">Cont\u00e1ctanos para descubrir c\u00f3mo podemos ayudarte a alcanzar una convivencia eficiente y sostenible en tu edificio o condominio.<\/p><div class=\"uagb-ifb-button-wrapper wp-block-button\"><a href=\"https:\/\/ihschile.com\/?page_id=46\" class=\"uagb-infobox-cta-link wp-block-button__link\" target=\"_self\" rel=\"noopener noreferrer\" onclick=\"return true;\"><span class=\"uagb-inline-editing\">Cont\u00e1ctanos Hoy<\/span><\/a><\/div><\/div><\/div><\/div>\n<\/div>\n<\/div><\/div>\n","protected":false},"excerpt":{"rendered":"<p>Con\u00f3cenos Mejor Con a\u00f1os de experiencia en el rubro, IHS Chile cuenta con un equipo de profesionales capacitados en diversas [&hellip;]<\/p>\n","protected":false},"author":6,"featured_media":0,"parent":0,"menu_order":0,"comment_status":"closed","ping_status":"closed","template":"","meta":{"_uag_custom_page_level_css":"","site-sidebar-layout":"default","site-content-layout":"","ast-site-content-layout":"default","site-content-style":"default","site-sidebar-style":"default","ast-global-header-display":"","ast-banner-title-visibility":"","ast-main-header-display":"","ast-hfb-above-header-display":"","ast-hfb-below-header-display":"","ast-hfb-mobile-header-display":"","site-post-title":"disabled","ast-breadcrumbs-content":"","ast-featured-img":"","footer-sml-layout":"","ast-disable-related-posts":"","theme-transparent-header-meta":"default","adv-header-id-meta":"","stick-header-meta":"","header-above-stick-meta":"","header-main-stick-meta":"","header-below-stick-meta":"","astra-migrate-meta-layouts":"set","ast-page-background-enabled":"default","ast-page-background-meta":{"desktop":{"background-color":"var(--ast-global-color-4)","background-image":"","background-repeat":"repeat","background-position":"center center","background-size":"auto","background-attachment":"scroll","background-type":"","background-media":"","overlay-type":"","overlay-color":"","overlay-opacity":"","overlay-gradient":""},"tablet":{"background-color":"","background-image":"","background-repeat":"repeat","background-position":"center center","background-size":"auto","background-attachment":"scroll","background-type":"","background-media":"","overlay-type":"","overlay-color":"","overlay-opacity":"","overlay-gradient":""},"mobile":{"background-color":"","background-image":"","background-repeat":"repeat","background-position":"center center","background-size":"auto","background-attachment":"scroll","background-type":"","background-media":"","overlay-type":"","overlay-color":"","overlay-opacity":"","overlay-gradient":""}},"ast-content-background-meta":{"desktop":{"background-color":"var(--ast-global-color-5)","background-image":"","background-repeat":"repeat","background-position":"center center","background-size":"auto","background-attachment":"scroll","background-type":"","background-media":"","overlay-type":"","overlay-color":"","overlay-opacity":"","overlay-gradient":""},"tablet":{"background-color":"var(--ast-global-color-5)","background-image":"","background-repeat":"repeat","background-position":"center center","background-size":"auto","background-attachment":"scroll","background-type":"","background-media":"","overlay-type":"","overlay-color":"","overlay-opacity":"","overlay-gradient":""},"mobile":{"background-color":"var(--ast-global-color-5)","background-image":"","background-repeat":"repeat","background-position":"center center","background-size":"auto","background-attachment":"scroll","background-type":"","background-media":"","overlay-type":"","overlay-color":"","overlay-opacity":"","overlay-gradient":""}},"footnotes":""},"class_list":["post-44","page","type-page","status-publish","hentry"],"uagb_featured_image_src":{"full":false,"thumbnail":false,"medium":false,"medium_large":false,"large":false,"1536x1536":false,"2048x2048":false},"uagb_author_info":{"display_name":"mgydungerrhp","author_link":"https:\/\/ihschile.com\/?author=6"},"uagb_comment_info":0,"uagb_excerpt":"Con\u00f3cenos Mejor Con a\u00f1os de experiencia en el rubro, IHS Chile cuenta con un equipo de profesionales capacitados en diversas [&hellip;]","_links":{"self":[{"href":"https:\/\/ihschile.com\/index.php?rest_route=\/wp\/v2\/pages\/44","targetHints":{"allow":["GET"]}}],"collection":[{"href":"https:\/\/ihschile.com\/index.php?rest_route=\/wp\/v2\/pages"}],"about":[{"href":"https:\/\/ihschile.com\/index.php?rest_route=\/wp\/v2\/types\/page"}],"author":[{"embeddable":true,"href":"https:\/\/ihschile.com\/index.php?rest_route=\/wp\/v2\/users\/6"}],"replies":[{"embeddable":true,"href":"https:\/\/ihschile.com\/index.php?rest_route=%2Fwp%2Fv2%2Fcomments&post=44"}],"version-history":[{"count":5,"href":"https:\/\/ihschile.com\/index.php?rest_route=\/wp\/v2\/pages\/44\/revisions"}],"predecessor-version":[{"id":1255,"href":"https:\/\/ihschile.com\/index.php?rest_route=\/wp\/v2\/pages\/44\/revisions\/1255"}],"wp:attachment":[{"href":"https:\/\/ihschile.com\/index.php?rest_route=%2Fwp%2Fv2%2Fmedia&parent=44"}],"curies":[{"name":"wp","href":"https:\/\/api.w.org\/{rel}","templated":true}]}}