{"id":45,"date":"2025-03-04T23:14:33","date_gmt":"2025-03-04T23:14:33","guid":{"rendered":"https:\/\/ihschile.com\/?page_id=45"},"modified":"2025-03-26T19:32:58","modified_gmt":"2025-03-26T19:32:58","slug":"offerings","status":"publish","type":"page","link":"https:\/\/ihschile.com\/?page_id=45","title":{"rendered":"Nuestros Servicios"},"content":{"rendered":"\n<div class=\"wp-block-uagb-container uagb-block-c61f8af5 alignfull uagb-is-root-container\"><div class=\"uagb-container-inner-blocks-wrap\">\n<div class=\"wp-block-uagb-advanced-heading uagb-block-a9f61422\"><h1 class=\"uagb-heading-text\">Servicios de Administraci\u00f3n Integral<\/h1><\/div>\n<\/div><\/div>\n\n\n\n<div class=\"wp-block-uagb-container uagb-block-d5a4d08b alignfull uagb-is-root-container\"><div class=\"uagb-container-inner-blocks-wrap\">\n<div class=\"wp-block-uagb-advanced-heading uagb-block-72cf41da\"><h2 class=\"uagb-heading-text\">En IHS Chile ofrecemos una amplia gama de servicios de administraci\u00f3n para edificios y condominios. Nuestro enfoque garantiza una gesti\u00f3n eficiente y una convivencia arm\u00f3nica en sus comunidades.<\/h2><div class=\"uagb-separator\"><\/div><\/div>\n\n\n\n<div class=\"wp-block-uagb-container uagb-block-1566550c\">\n<div class=\"wp-block-uagb-container uagb-block-edcdc1f2\">\n<div class=\"wp-block-uagb-image alignleft uagb-block-1b238a99 wp-block-uagb-image--layout-default wp-block-uagb-image--effect-static wp-block-uagb-image--align-left\"><figure class=\"wp-block-uagb-image__figure\"><img decoding=\"async\" srcset=\"https:\/\/ihschile.com\/wp-content\/uploads\/2025\/03\/pexels-photo-16282306-16282306-683x1024.jpg ,https:\/\/ihschile.com\/wp-content\/uploads\/2025\/03\/pexels-photo-16282306-16282306-scaled.jpg 780w, https:\/\/ihschile.com\/wp-content\/uploads\/2025\/03\/pexels-photo-16282306-16282306-scaled.jpg 360w\" sizes=\"auto, (max-width: 480px) 150px\" src=\"https:\/\/ihschile.com\/wp-content\/uploads\/2025\/03\/pexels-photo-16282306-16282306-683x1024.jpg\" alt=\"A person calculating finances with a calculator and pen on a desk indoors.\" class=\"uag-image-1221\" width=\"360\" height=\"300\" title=\"pexels-photo-16282306-16282306\" loading=\"lazy\" role=\"img\"\/><\/figure><\/div>\n<\/div>\n\n\n\n<div class=\"wp-block-uagb-container uagb-block-617ff4d0\">\n<div class=\"wp-block-uagb-advanced-heading uagb-block-27006203\"><h3 class=\"uagb-heading-text\">Administraci\u00f3n Financiera<\/h3><div class=\"uagb-separator\"><\/div><\/div>\n\n\n\n<div class=\"wp-block-uagb-info-box uagb-block-d67bb4e5 uagb-infobox__content-wrap  uagb-infobox-icon-above-title uagb-infobox-image-valign-top\"><div class=\"uagb-ifb-content\"><div class=\"uagb-ifb-title-wrap\"><p class=\"uagb-ifb-title\">Recaudaci\u00f3n de gastos comunes a trav\u00e9s de sistemas digitales que permiten la visualizaci\u00f3n en tiempo real de los movimientos financieros del condominio para el comit\u00e9 y copropietarios. Reportes y rendici\u00f3n de cuentas en l\u00ednea.\u00a0<\/p><\/div><\/div><\/div>\n<\/div>\n<\/div>\n\n\n\n<div class=\"wp-block-uagb-container uagb-block-fdd24d60\">\n<div class=\"wp-block-uagb-container uagb-block-97eb2bb1\">\n<div class=\"wp-block-uagb-image alignleft uagb-block-5639a440 wp-block-uagb-image--layout-default wp-block-uagb-image--effect-static wp-block-uagb-image--align-left\"><figure class=\"wp-block-uagb-image__figure\"><img decoding=\"async\" srcset=\"https:\/\/ihschile.com\/wp-content\/uploads\/2025\/03\/pexels-photo-31335553-31335553-683x1024.jpg ,https:\/\/ihschile.com\/wp-content\/uploads\/2025\/03\/pexels-photo-31335553-31335553-scaled.jpg 780w, https:\/\/ihschile.com\/wp-content\/uploads\/2025\/03\/pexels-photo-31335553-31335553-scaled.jpg 360w\" sizes=\"auto, (max-width: 480px) 150px\" src=\"https:\/\/ihschile.com\/wp-content\/uploads\/2025\/03\/pexels-photo-31335553-31335553-683x1024.jpg\" alt=\"pexels-photo-31335553-31335553.jpg\" class=\"uag-image-1222\" width=\"360\" height=\"300\" title=\"pexels-photo-31335553-31335553\" loading=\"lazy\" role=\"img\"\/><\/figure><\/div>\n<\/div>\n\n\n\n<div class=\"wp-block-uagb-container uagb-block-2998277e\">\n<div class=\"wp-block-uagb-advanced-heading uagb-block-97560d77\"><h3 class=\"uagb-heading-text\">Gesti\u00f3n de Recursos Humanos<\/h3><div class=\"uagb-separator\"><\/div><\/div>\n\n\n\n<div class=\"wp-block-uagb-info-box uagb-block-8fb21d3b uagb-infobox__content-wrap  uagb-infobox-icon-above-title uagb-infobox-image-valign-top\"><div class=\"uagb-ifb-content\"><div class=\"uagb-ifb-title-wrap\"><p class=\"uagb-ifb-title\">Reclutamiento y administraci\u00f3n del personal contratado. Control de desempe\u00f1o y atenci\u00f3n a copropietarios.<\/p><\/div><\/div><\/div>\n<\/div>\n<\/div>\n\n\n\n<div class=\"wp-block-uagb-container uagb-block-e492bb5a\">\n<div class=\"wp-block-uagb-container uagb-block-e9c7ef7d\">\n<div class=\"wp-block-uagb-image alignleft uagb-block-19913c48 wp-block-uagb-image--layout-default wp-block-uagb-image--effect-static wp-block-uagb-image--align-left\"><figure class=\"wp-block-uagb-image__figure\"><img decoding=\"async\" srcset=\"https:\/\/ihschile.com\/wp-content\/uploads\/2025\/03\/pexels-photo-8159-1024x683.jpg ,https:\/\/ihschile.com\/wp-content\/uploads\/2025\/03\/pexels-photo-8159-scaled.jpg 780w, https:\/\/ihschile.com\/wp-content\/uploads\/2025\/03\/pexels-photo-8159-scaled.jpg 360w\" sizes=\"auto, (max-width: 480px) 150px\" src=\"https:\/\/ihschile.com\/wp-content\/uploads\/2025\/03\/pexels-photo-8159-1024x683.jpg\" alt=\"A construction worker wearing a blue helmet and safety vest operates equipment at an urban construction site.\" class=\"uag-image-1223\" width=\"360\" height=\"300\" title=\"pexels-photo-8159\" loading=\"lazy\" role=\"img\"\/><\/figure><\/div>\n<\/div>\n\n\n\n<div class=\"wp-block-uagb-container uagb-block-8f4d2742\">\n<div class=\"wp-block-uagb-advanced-heading uagb-block-7e70ccb4\"><h3 class=\"uagb-heading-text\">Gesti\u00f3n Operacional y T\u00e9cnica<\/h3><div class=\"uagb-separator\"><\/div><\/div>\n\n\n\n<div class=\"wp-block-uagb-info-box uagb-block-6ccaf049 uagb-infobox__content-wrap  uagb-infobox-icon-above-title uagb-infobox-image-valign-top\"><div class=\"uagb-ifb-content\"><div class=\"uagb-ifb-title-wrap\"><p class=\"uagb-ifb-title\">Supervisi\u00f3n de la operatividad y funcionamiento del edificio: sistemas hidr\u00e1ulicos; climatizaci\u00f3n; sistemas de agua caliente; sistemas el\u00e9ctricos y de seguridad; sistemas de emergencias; ascensores. Establecimiento de protocolos para seguir en caso de emergencias. Asesoramiento en la adquisici\u00f3n de componentes y repuestos de las distintas instalaciones que componen el edificio.<\/p><\/div><\/div><\/div>\n<\/div>\n<\/div>\n\n\n\n<div class=\"wp-block-uagb-container uagb-block-f43e4c47\">\n<div class=\"wp-block-uagb-container uagb-block-fb14b0cb\">\n<div class=\"wp-block-uagb-image alignleft uagb-block-699a7d86 wp-block-uagb-image--layout-default wp-block-uagb-image--effect-static wp-block-uagb-image--align-left\"><figure class=\"wp-block-uagb-image__figure\"><img decoding=\"async\" srcset=\"https:\/\/ihschile.com\/wp-content\/uploads\/2025\/03\/pexels-photo-8293700-8293700-1024x683.jpg ,https:\/\/ihschile.com\/wp-content\/uploads\/2025\/03\/pexels-photo-8293700-8293700-scaled.jpg 780w, https:\/\/ihschile.com\/wp-content\/uploads\/2025\/03\/pexels-photo-8293700-8293700-scaled.jpg 360w\" sizes=\"auto, (max-width: 480px) 150px\" src=\"https:\/\/ihschile.com\/wp-content\/uploads\/2025\/03\/pexels-photo-8293700-8293700-1024x683.jpg\" alt=\"Young couple holding keys to their new home, symbolizing a fresh start and investment in real estate.\" class=\"uag-image-1224\" width=\"360\" height=\"300\" title=\"pexels-photo-8293700-8293700\" loading=\"lazy\" role=\"img\"\/><\/figure><\/div>\n<\/div>\n\n\n\n<div class=\"wp-block-uagb-container uagb-block-08553dbe\">\n<div class=\"wp-block-uagb-advanced-heading uagb-block-3a7b6727\"><h3 class=\"uagb-heading-text\">Copropiedad Inmobiliaria<\/h3><div class=\"uagb-separator\"><\/div><\/div>\n\n\n\n<div class=\"wp-block-uagb-info-box uagb-block-e627a5b8 uagb-infobox__content-wrap  uagb-infobox-icon-above-title uagb-infobox-image-valign-top\"><div class=\"uagb-ifb-content\"><div class=\"uagb-ifb-title-wrap\"><p class=\"uagb-ifb-title\">Seguimiento mensual al cumplimiento de los procesos que establece la ley para condominios acogidos a la ley de copropiedad inmobiliaria: asambleas, actas, comit\u00e9 de administraci\u00f3n, certificaciones.<\/p><\/div><\/div><\/div>\n<\/div>\n<\/div>\n\n\n\n<div class=\"wp-block-uagb-container uagb-block-03cf9668\">\n<div class=\"wp-block-uagb-container uagb-block-3b1a6d76\">\n<div class=\"wp-block-uagb-image alignleft uagb-block-0815043a wp-block-uagb-image--layout-default wp-block-uagb-image--effect-static wp-block-uagb-image--align-left\"><figure class=\"wp-block-uagb-image__figure\"><img decoding=\"async\" srcset=\"https:\/\/ihschile.com\/wp-content\/uploads\/2025\/03\/pexels-photo-164686-164686-1024x681.jpg ,https:\/\/ihschile.com\/wp-content\/uploads\/2025\/03\/pexels-photo-164686-164686-scaled.jpg 780w, https:\/\/ihschile.com\/wp-content\/uploads\/2025\/03\/pexels-photo-164686-164686-scaled.jpg 360w\" sizes=\"auto, (max-width: 480px) 150px\" src=\"https:\/\/ihschile.com\/wp-content\/uploads\/2025\/03\/pexels-photo-164686-164686-1024x681.jpg\" alt=\"Close-up of a vintage handwritten ledger detailing financial records and accounts.\" class=\"uag-image-1225\" width=\"360\" height=\"300\" title=\"pexels-photo-164686-164686\" loading=\"lazy\" role=\"img\"\/><\/figure><\/div>\n<\/div>\n\n\n\n<div class=\"wp-block-uagb-container uagb-block-2a1b30b7\">\n<div class=\"wp-block-uagb-advanced-heading uagb-block-23030d93\"><h3 class=\"uagb-heading-text\">Auditor\u00edas<\/h3><div class=\"uagb-separator\"><\/div><\/div>\n\n\n\n<div class=\"wp-block-uagb-info-box uagb-block-f2be5a84 uagb-infobox__content-wrap  uagb-infobox-icon-above-title uagb-infobox-image-valign-top\"><div class=\"uagb-ifb-content\"><div class=\"uagb-ifb-title-wrap\"><p class=\"uagb-ifb-title\">Auditamos los procesos contables y de gesti\u00f3n asociados a una copropiedad.<\/p><\/div><\/div><\/div>\n<\/div>\n<\/div>\n\n\n\n<div class=\"wp-block-uagb-container uagb-block-4eab6d8e\">\n<div class=\"wp-block-uagb-container uagb-block-b389df87\">\n<div class=\"wp-block-uagb-image alignleft uagb-block-5a69e620 wp-block-uagb-image--layout-default wp-block-uagb-image--effect-static wp-block-uagb-image--align-left\"><figure class=\"wp-block-uagb-image__figure\"><img decoding=\"async\" srcset=\"https:\/\/ihschile.com\/wp-content\/uploads\/2025\/03\/pexels-photo-6276201-6276201-1024x683.jpg ,https:\/\/ihschile.com\/wp-content\/uploads\/2025\/03\/pexels-photo-6276201-6276201-scaled.jpg 780w, https:\/\/ihschile.com\/wp-content\/uploads\/2025\/03\/pexels-photo-6276201-6276201-scaled.jpg 360w\" sizes=\"auto, (max-width: 480px) 150px\" src=\"https:\/\/ihschile.com\/wp-content\/uploads\/2025\/03\/pexels-photo-6276201-6276201-1024x683.jpg\" alt=\"A couple greeting a guest at their doorway, capturing the warmth of a home during the holiday season.\" class=\"uag-image-1227\" width=\"360\" height=\"300\" title=\"pexels-photo-6276201-6276201\" loading=\"lazy\" role=\"img\"\/><\/figure><\/div>\n<\/div>\n\n\n\n<div class=\"wp-block-uagb-container uagb-block-cdcaa6ad\">\n<div class=\"wp-block-uagb-advanced-heading uagb-block-b6d01ff6\"><h3 class=\"uagb-heading-text\">Convivencia<\/h3><div class=\"uagb-separator\"><\/div><\/div>\n\n\n\n<div class=\"wp-block-uagb-info-box uagb-block-271684ce uagb-infobox__content-wrap  uagb-infobox-icon-above-title uagb-infobox-image-valign-top\"><div class=\"uagb-ifb-content\"><div class=\"uagb-ifb-title-wrap\"><p class=\"uagb-ifb-title\">Atenci\u00f3n personalizada a situaciones conflictivas dentro de la comunidad. Aplicaci\u00f3n del reglamento de copropiedad y soluci\u00f3n de conflictos.\u00a0<\/p><\/div><\/div><\/div>\n<\/div>\n<\/div>\n\n\n\n<div class=\"wp-block-uagb-container uagb-block-fe6f3e8c\">\n<div class=\"wp-block-uagb-container uagb-block-42e27c46\">\n<div class=\"wp-block-uagb-image alignleft uagb-block-6f21e007 wp-block-uagb-image--layout-default wp-block-uagb-image--effect-static wp-block-uagb-image--align-left\"><figure class=\"wp-block-uagb-image__figure\"><img decoding=\"async\" srcset=\"https:\/\/ihschile.com\/wp-content\/uploads\/2025\/03\/pexels-photo-356049-356049-1024x680.jpg ,https:\/\/ihschile.com\/wp-content\/uploads\/2025\/03\/pexels-photo-356049-356049-scaled.jpg 780w, https:\/\/ihschile.com\/wp-content\/uploads\/2025\/03\/pexels-photo-356049-356049-scaled.jpg 360w\" sizes=\"auto, (max-width: 480px) 150px\" src=\"https:\/\/ihschile.com\/wp-content\/uploads\/2025\/03\/pexels-photo-356049-356049-1024x680.jpg\" alt=\"Close-up view of solar panels outdoors capturing renewable energy efficiently.\" class=\"uag-image-1228\" width=\"360\" height=\"300\" title=\"pexels-photo-356049-356049\" loading=\"lazy\" role=\"img\"\/><\/figure><\/div>\n<\/div>\n\n\n\n<div class=\"wp-block-uagb-container uagb-block-11b78d5a\">\n<div class=\"wp-block-uagb-advanced-heading uagb-block-2d1b94aa\"><h3 class=\"uagb-heading-text\">Sustentabilidad<\/h3><div class=\"uagb-separator\"><\/div><\/div>\n\n\n\n<div class=\"wp-block-uagb-info-box uagb-block-9142113d uagb-infobox__content-wrap  uagb-infobox-icon-above-title uagb-infobox-image-valign-top\"><div class=\"uagb-ifb-content\"><div class=\"uagb-ifb-title-wrap\"><p class=\"uagb-ifb-title\">B\u00fasqueda de sistemas que optimicen los recursos a trav\u00e9s de la incorporaci\u00f3n de tecnolog\u00edas sustentables en materia energ\u00e9tica.<\/p><\/div><\/div><\/div>\n<\/div>\n<\/div>\n\n\n\n<div class=\"wp-block-uagb-container uagb-block-89e12639\">\n<div class=\"wp-block-uagb-container uagb-block-b07905f5\">\n<div class=\"wp-block-uagb-image alignleft uagb-block-699d7ada wp-block-uagb-image--layout-default wp-block-uagb-image--effect-static wp-block-uagb-image--align-left\"><figure class=\"wp-block-uagb-image__figure\"><img decoding=\"async\" srcset=\"https:\/\/ihschile.com\/wp-content\/uploads\/2025\/03\/pexels-photo-2219024-2219024-1024x683.jpg ,https:\/\/ihschile.com\/wp-content\/uploads\/2025\/03\/pexels-photo-2219024-2219024-scaled.jpg 780w, https:\/\/ihschile.com\/wp-content\/uploads\/2025\/03\/pexels-photo-2219024-2219024-scaled.jpg 360w\" sizes=\"auto, (max-width: 480px) 150px\" src=\"https:\/\/ihschile.com\/wp-content\/uploads\/2025\/03\/pexels-photo-2219024-2219024-1024x683.jpg\" alt=\"Construction workers leveling fresh cement on a sunny day at an outdoor site.\" class=\"uag-image-1229\" width=\"360\" height=\"300\" title=\"pexels-photo-2219024-2219024\" loading=\"lazy\" role=\"img\"\/><\/figure><\/div>\n<\/div>\n\n\n\n<div class=\"wp-block-uagb-container uagb-block-52b4693d\">\n<div class=\"wp-block-uagb-advanced-heading uagb-block-6d350afc\"><h3 class=\"uagb-heading-text\">Soluciones t\u00e9cnicas a vicios constructivos<\/h3><div class=\"uagb-separator\"><\/div><\/div>\n\n\n\n<div class=\"wp-block-uagb-info-box uagb-block-3e2c37a0 uagb-infobox__content-wrap  uagb-infobox-icon-above-title uagb-infobox-image-valign-top\"><div class=\"uagb-ifb-content\"><div class=\"uagb-ifb-title-wrap\"><\/div><\/div><\/div>\n<\/div>\n<\/div>\n<\/div><\/div>\n\n\n\n<div class=\"wp-block-uagb-container uagb-block-b5f2dd4a alignfull uagb-is-root-container\"><div class=\"uagb-container-inner-blocks-wrap\">\n<div class=\"wp-block-uagb-container uagb-block-50082671\">\n<div class=\"wp-block-uagb-info-box uagb-block-8768d98f uagb-infobox__content-wrap  uagb-infobox-icon-above-title uagb-infobox-image-valign-top wp-block-uagb-info-box--has-margin\"><div class=\"uagb-infobox-margin-wrapper\"><div class=\"uagb-ifb-content\"><div class=\"uagb-ifb-title-wrap\"><h2 class=\"uagb-ifb-title\">\u00danete a Nuestra Comunidad<\/h2><\/div><p class=\"uagb-ifb-desc\">Cont\u00e1ctanos para descubrir c\u00f3mo podemos ayudarte a alcanzar una convivencia eficiente y sostenible en tu edificio o condominio.<\/p><div class=\"uagb-ifb-button-wrapper wp-block-button\"><a href=\"https:\/\/ihschile.com\/?page_id=46\" class=\"uagb-infobox-cta-link wp-block-button__link\" target=\"_self\" rel=\"noopener noreferrer\" onclick=\"return true;\"><span class=\"uagb-inline-editing\">Cont\u00e1ctanos Hoy<\/span><\/a><\/div><\/div><\/div><\/div>\n<\/div>\n<\/div><\/div>\n","protected":false},"excerpt":{"rendered":"<p>Servicios de Administraci\u00f3n Integral En IHS Chile ofrecemos una amplia gama de servicios de administraci\u00f3n para edificios y condominios. Nuestro [&hellip;]<\/p>\n","protected":false},"author":6,"featured_media":0,"parent":0,"menu_order":0,"comment_status":"closed","ping_status":"closed","template":"","meta":{"_uag_custom_page_level_css":"","site-sidebar-layout":"default","site-content-layout":"plain-container","ast-site-content-layout":"default","site-content-style":"default","site-sidebar-style":"default","ast-global-header-display":"","ast-banner-title-visibility":"","ast-main-header-display":"","ast-hfb-above-header-display":"","ast-hfb-below-header-display":"","ast-hfb-mobile-header-display":"","site-post-title":"disabled","ast-breadcrumbs-content":"","ast-featured-img":"","footer-sml-layout":"","ast-disable-related-posts":"","theme-transparent-header-meta":"default","adv-header-id-meta":"","stick-header-meta":"","header-above-stick-meta":"","header-main-stick-meta":"","header-below-stick-meta":"","astra-migrate-meta-layouts":"set","ast-page-background-enabled":"default","ast-page-background-meta":{"desktop":{"background-color":"var(--ast-global-color-4)","background-image":"","background-repeat":"repeat","background-position":"center center","background-size":"auto","background-attachment":"scroll","background-type":"","background-media":"","overlay-type":"","overlay-color":"","overlay-opacity":"","overlay-gradient":""},"tablet":{"background-color":"","background-image":"","background-repeat":"repeat","background-position":"center center","background-size":"auto","background-attachment":"scroll","background-type":"","background-media":"","overlay-type":"","overlay-color":"","overlay-opacity":"","overlay-gradient":""},"mobile":{"background-color":"","background-image":"","background-repeat":"repeat","background-position":"center center","background-size":"auto","background-attachment":"scroll","background-type":"","background-media":"","overlay-type":"","overlay-color":"","overlay-opacity":"","overlay-gradient":""}},"ast-content-background-meta":{"desktop":{"background-color":"var(--ast-global-color-5)","background-image":"","background-repeat":"repeat","background-position":"center center","background-size":"auto","background-attachment":"scroll","background-type":"","background-media":"","overlay-type":"","overlay-color":"","overlay-opacity":"","overlay-gradient":""},"tablet":{"background-color":"var(--ast-global-color-5)","background-image":"","background-repeat":"repeat","background-position":"center center","background-size":"auto","background-attachment":"scroll","background-type":"","background-media":"","overlay-type":"","overlay-color":"","overlay-opacity":"","overlay-gradient":""},"mobile":{"background-color":"var(--ast-global-color-5)","background-image":"","background-repeat":"repeat","background-position":"center center","background-size":"auto","background-attachment":"scroll","background-type":"","background-media":"","overlay-type":"","overlay-color":"","overlay-opacity":"","overlay-gradient":""}},"footnotes":""},"class_list":["post-45","page","type-page","status-publish","hentry"],"uagb_featured_image_src":{"full":false,"thumbnail":false,"medium":false,"medium_large":false,"large":false,"1536x1536":false,"2048x2048":false},"uagb_author_info":{"display_name":"mgydungerrhp","author_link":"https:\/\/ihschile.com\/?author=6"},"uagb_comment_info":0,"uagb_excerpt":"Servicios de Administraci\u00f3n Integral En IHS Chile ofrecemos una amplia gama de servicios de administraci\u00f3n para edificios y condominios. Nuestro [&hellip;]","_links":{"self":[{"href":"https:\/\/ihschile.com\/index.php?rest_route=\/wp\/v2\/pages\/45","targetHints":{"allow":["GET"]}}],"collection":[{"href":"https:\/\/ihschile.com\/index.php?rest_route=\/wp\/v2\/pages"}],"about":[{"href":"https:\/\/ihschile.com\/index.php?rest_route=\/wp\/v2\/types\/page"}],"author":[{"embeddable":true,"href":"https:\/\/ihschile.com\/index.php?rest_route=\/wp\/v2\/users\/6"}],"replies":[{"embeddable":true,"href":"https:\/\/ihschile.com\/index.php?rest_route=%2Fwp%2Fv2%2Fcomments&post=45"}],"version-history":[{"count":4,"href":"https:\/\/ihschile.com\/index.php?rest_route=\/wp\/v2\/pages\/45\/revisions"}],"predecessor-version":[{"id":1230,"href":"https:\/\/ihschile.com\/index.php?rest_route=\/wp\/v2\/pages\/45\/revisions\/1230"}],"wp:attachment":[{"href":"https:\/\/ihschile.com\/index.php?rest_route=%2Fwp%2Fv2%2Fmedia&parent=45"}],"curies":[{"name":"wp","href":"https:\/\/api.w.org\/{rel}","templated":true}]}}